{"id":169,"date":"2022-07-06T20:38:59","date_gmt":"2022-07-06T19:08:59","guid":{"rendered":"https:\/\/veerledevriendtconsulting.be\/?page_id=169"},"modified":"2022-10-02T12:42:40","modified_gmt":"2022-10-02T11:12:40","slug":"coaching","status":"publish","type":"page","link":"https:\/\/veerledevriendtconsulting.be\/nl\/coaching\/","title":{"rendered":"Coaching"},"content":{"rendered":"<div data-elementor-type=\"wp-page\" data-elementor-id=\"169\" class=\"elementor elementor-169\">\n\t\t\t\t\t\t\t\t\t<section class=\"elementor-section elementor-top-section elementor-element elementor-element-4b5790e1 elementor-section-full_width elementor-section-height-default elementor-section-height-default\" data-id=\"4b5790e1\" data-element_type=\"section\" data-settings=\"{&quot;background_background&quot;:&quot;classic&quot;}\">\n\t\t\t\t\t\t\t<div class=\"elementor-background-overlay\"><\/div>\n\t\t\t\t\t\t\t<div class=\"elementor-container elementor-column-gap-default\">\n\t\t\t\t\t<div class=\"elementor-column elementor-col-100 elementor-top-column elementor-element elementor-element-2bfaeb11\" data-id=\"2bfaeb11\" data-element_type=\"column\">\n\t\t\t<div class=\"elementor-widget-wrap elementor-element-populated\">\n\t\t\t\t\t\t\t\t<div class=\"elementor-element elementor-element-2e11b99b elementor-widget elementor-widget-heading\" data-id=\"2e11b99b\" data-element_type=\"widget\" data-widget_type=\"heading.default\">\n\t\t\t\t<div class=\"elementor-widget-container\">\n\t\t\t<style>\/*! elementor - v3.6.7 - 03-07-2022 *\/\n.elementor-heading-title{padding:0;margin:0;line-height:1}.elementor-widget-heading .elementor-heading-title[class*=elementor-size-]>a{color:inherit;font-size:inherit;line-height:inherit}.elementor-widget-heading .elementor-heading-title.elementor-size-small{font-size:15px}.elementor-widget-heading .elementor-heading-title.elementor-size-medium{font-size:19px}.elementor-widget-heading .elementor-heading-title.elementor-size-large{font-size:29px}.elementor-widget-heading .elementor-heading-title.elementor-size-xl{font-size:39px}.elementor-widget-heading .elementor-heading-title.elementor-size-xxl{font-size:59px}<\/style><h1 class=\"elementor-heading-title elementor-size-default\">Coaching<\/h1>\t\t<\/div>\n\t\t\t\t<\/div>\n\t\t\t\t\t<\/div>\n\t\t<\/div>\n\t\t\t\t\t\t\t<\/div>\n\t\t<\/section>\n\t\t\t\t<section class=\"elementor-section elementor-top-section elementor-element elementor-element-bb47697 elementor-section-boxed elementor-section-height-default elementor-section-height-default\" data-id=\"bb47697\" data-element_type=\"section\">\n\t\t\t\t\t\t<div class=\"elementor-container elementor-column-gap-default\">\n\t\t\t\t\t<div class=\"elementor-column elementor-col-100 elementor-top-column elementor-element elementor-element-5bdcf563\" data-id=\"5bdcf563\" data-element_type=\"column\">\n\t\t\t<div class=\"elementor-widget-wrap elementor-element-populated\">\n\t\t\t\t\t\t\t\t<div class=\"elementor-element elementor-element-30190777 elementor-invisible elementor-widget elementor-widget-text-editor\" data-id=\"30190777\" data-element_type=\"widget\" data-settings=\"{&quot;_animation&quot;:&quot;fadeInUp&quot;,&quot;_animation_delay&quot;:500}\" data-widget_type=\"text-editor.default\">\n\t\t\t\t<div class=\"elementor-widget-container\">\n\t\t\t<style>\/*! elementor - v3.6.7 - 03-07-2022 *\/\n.elementor-widget-text-editor.elementor-drop-cap-view-stacked .elementor-drop-cap{background-color:#818a91;color:#fff}.elementor-widget-text-editor.elementor-drop-cap-view-framed .elementor-drop-cap{color:#818a91;border:3px solid;background-color:transparent}.elementor-widget-text-editor:not(.elementor-drop-cap-view-default) .elementor-drop-cap{margin-top:8px}.elementor-widget-text-editor:not(.elementor-drop-cap-view-default) .elementor-drop-cap-letter{width:1em;height:1em}.elementor-widget-text-editor .elementor-drop-cap{float:left;text-align:center;line-height:1;font-size:50px}.elementor-widget-text-editor .elementor-drop-cap-letter{display:inline-block}<\/style>\t\t\t\t<div class=\"et_pb_module et_pb_text et_pb_text_0 et_pb_text_align_left et_pb_bg_layout_light\">\n<div class=\"et_pb_text_inner\">\n\n<strong>Individuele coaching<\/strong> is een zeer grondige en persoonlijke methode om inzicht te verwerven in problemen en situaties teneinde realistische en werkbare oplossingen aan te dragen binnen de mogelijkheden van de betrokken deelnemer.  Niet alleen materi\u00eble aspecten worden in aanmerking genomen, maar ook persoonlijke achtergrond en\/of priv\u00e9omstandigheden.  Dit kunnen zowel mentale aspecten, filosofische aspecten als veranderde persoonlijke omstandigheden zijn. Individuele coaching kan bijvoorbeeld zeer nuttig zijn wanneer medewerkers - voor wie de organisatie al veel heeft gedaan - door een stresssituatie of een burn out minder functioneren omdat zij in een bepaalde fase van hun leven terecht zijn gekomen of worstelen met bijzondere persoonlijke of werkomstandigheden.<br><br>\n\n<strong>Veerle Devriendt Consulting<\/strong>\u00a0helpt door het aanleren van de juiste vaardigheden en door het verbeteren van de effici\u00ebntie door intensieve coaching en stimulering, door het evalueren van persoonlijke specifieke talenten en beperkingen en door counseling.<br><br>\n\nVoor\u00a0<strong>organisaties<\/strong>, begeleid ik <strong>sessies<\/strong>\u00a0voor leidinggevenden en hun medewerker over hun functioneren in een werksituatie.  Afhankelijk van het gestelde doel - zowel van het bedrijf als van de werknemer - en de daaruit voortvloeiende vragen, kan de coaching gericht zijn op gedrag, verhoogd zelfbewustzijn en nieuwe persoonlijke inzichten, en de basis vormen voor verdere persoonlijke evolutie.<br><br>\n\n<strong>Veerle Devriendt Consulting<\/strong>\u00a0organiseert ook\u00a0<strong>intervisies<\/strong>\u00a0for social workers within the organisations. Thanks to intervisions an insight in personal functioning and thinking is acquired. During our sessions, introspection is encouraged together with others having the same or similar concerns. A lesson is learnt -whilst being attentive to each other\u2019s experiences \u2013 how to proceed in order to find solutions, to receive support from colleagues, to promote expertise and to gain insight in our own possibilities.\n<br><br>\n\nDe groepen bestaan uit mensen van \u00e9\u00e9n bepaalde organisatie of uit medewerkers van verschillende organisaties met dezelfde functie.<br><br>\n\n\nVoor\u00a0<strong>particulieren<\/strong>bied ik een \u00e9\u00e9n-op-\u00e9\u00e9n coaching met betrekking tot\u00a0<strong>stress, burn out<\/strong>,\u00a0<strong>rouw en andere moeilijke situaties<\/strong>\u00a0(relaties, gezondheid, balans werk-priv\u00e9, verlieservaringen, ...).  Mijn aanpak is gericht op het stimuleren van zelfontdekking en actief experimenteren.  Met andere woorden, wat tijdens de sessies besproken en geleerd wordt, kan onmiddellijk toegepast worden binnen de priv\u00e9- of professionele sfeer.<br><br>\n\n\nVoor hulp over\u00a0<strong>Professioneel Organiseren<\/strong> you can certainly come to me. Do you feel that your life is a total mess and chaos, do you maybe feel blocked and unproductive? <b>Veerle Devriendt Consulting<\/b> kan je levenskwaliteit en welzijn verbeteren door te leren hoe je je spullen, je tijd en je ruimte kunt structureren, opruimen en organiseren.<br><br>\n\n\nIk vind het van groot belang om voor de klant een oplossing op maat uit te werken.  Voor meer tekst en uitleg over een bepaalde opdracht ga naar\u00a0<a class=\"thisisalink\" href=\"https:\/\/veerledevriendtconsulting.be\/nl\/#Contact#Contact\">contacteer mij<\/a>.\n\n<\/div>\n<\/div>\t\t\t\t\t\t<\/div>\n\t\t\t\t<\/div>\n\t\t\t\t<div class=\"elementor-element elementor-element-35753cb elementor-widget elementor-widget-image\" data-id=\"35753cb\" data-element_type=\"widget\" data-widget_type=\"image.default\">\n\t\t\t\t<div class=\"elementor-widget-container\">\n\t\t\t<style>\/*! elementor - v3.6.7 - 03-07-2022 *\/\n.elementor-widget-image{text-align:center}.elementor-widget-image a{display:inline-block}.elementor-widget-image a img[src$=\".svg\"]{width:48px}.elementor-widget-image img{vertical-align:middle;display:inline-block}<\/style>\t\t\t\t\t\t\t\t\t\t\t\t<img loading=\"lazy\" decoding=\"async\" width=\"720\" height=\"540\" src=\"https:\/\/veerledevriendtconsulting.be\/wp-content\/uploads\/2022\/07\/Diapositive1-1.jpeg\" class=\"attachment-large size-large\" alt=\"\" srcset=\"https:\/\/veerledevriendtconsulting.be\/wp-content\/uploads\/2022\/07\/Diapositive1-1.jpeg 720w, https:\/\/veerledevriendtconsulting.be\/wp-content\/uploads\/2022\/07\/Diapositive1-1-300x225.jpeg 300w\" sizes=\"auto, (max-width: 720px) 100vw, 720px\" \/>\t\t\t\t\t\t\t\t\t\t\t\t\t\t\t<\/div>\n\t\t\t\t<\/div>\n\t\t\t\t\t<\/div>\n\t\t<\/div>\n\t\t\t\t\t\t\t<\/div>\n\t\t<\/section>\n\t\t\t\t\t\t\t<\/div>","protected":false},"excerpt":{"rendered":"<p>Coaching Individual coaching is a very through and personal method to acquire an insight into problems and situations in order to offer realistic and workable solutions within the possibilities of the concerned participant. Not only material aspects are taken into account but also personal background and\/or private circumstances. These could be mental aspects, philosophical aspects [&hellip;]<\/p>","protected":false},"author":1,"featured_media":0,"parent":0,"menu_order":0,"comment_status":"closed","ping_status":"closed","template":"elementor_header_footer","meta":{"_et_pb_use_builder":"","_et_pb_old_content":"","_et_gb_content_width":"","footnotes":""},"class_list":["post-169","page","type-page","status-publish","hentry"],"_links":{"self":[{"href":"https:\/\/veerledevriendtconsulting.be\/nl\/wp-json\/wp\/v2\/pages\/169","targetHints":{"allow":["GET"]}}],"collection":[{"href":"https:\/\/veerledevriendtconsulting.be\/nl\/wp-json\/wp\/v2\/pages"}],"about":[{"href":"https:\/\/veerledevriendtconsulting.be\/nl\/wp-json\/wp\/v2\/types\/page"}],"author":[{"embeddable":true,"href":"https:\/\/veerledevriendtconsulting.be\/nl\/wp-json\/wp\/v2\/users\/1"}],"replies":[{"embeddable":true,"href":"https:\/\/veerledevriendtconsulting.be\/nl\/wp-json\/wp\/v2\/comments?post=169"}],"version-history":[{"count":19,"href":"https:\/\/veerledevriendtconsulting.be\/nl\/wp-json\/wp\/v2\/pages\/169\/revisions"}],"predecessor-version":[{"id":508,"href":"https:\/\/veerledevriendtconsulting.be\/nl\/wp-json\/wp\/v2\/pages\/169\/revisions\/508"}],"wp:attachment":[{"href":"https:\/\/veerledevriendtconsulting.be\/nl\/wp-json\/wp\/v2\/media?parent=169"}],"curies":[{"name":"wp","href":"https:\/\/api.w.org\/{rel}","templated":true}]}}