{"id":169,"date":"2022-07-06T20:38:59","date_gmt":"2022-07-06T19:08:59","guid":{"rendered":"https:\/\/veerledevriendtconsulting.be\/?page_id=169"},"modified":"2022-10-02T12:42:40","modified_gmt":"2022-10-02T11:12:40","slug":"coaching","status":"publish","type":"page","link":"https:\/\/veerledevriendtconsulting.be\/fr\/coaching\/","title":{"rendered":"Coaching"},"content":{"rendered":"<div data-elementor-type=\"wp-page\" data-elementor-id=\"169\" class=\"elementor elementor-169\">\n\t\t\t\t\t\t\t\t\t<section class=\"elementor-section elementor-top-section elementor-element elementor-element-4b5790e1 elementor-section-full_width elementor-section-height-default elementor-section-height-default\" data-id=\"4b5790e1\" data-element_type=\"section\" data-settings=\"{&quot;background_background&quot;:&quot;classic&quot;}\">\n\t\t\t\t\t\t\t<div class=\"elementor-background-overlay\"><\/div>\n\t\t\t\t\t\t\t<div class=\"elementor-container elementor-column-gap-default\">\n\t\t\t\t\t<div class=\"elementor-column elementor-col-100 elementor-top-column elementor-element elementor-element-2bfaeb11\" data-id=\"2bfaeb11\" data-element_type=\"column\">\n\t\t\t<div class=\"elementor-widget-wrap elementor-element-populated\">\n\t\t\t\t\t\t\t\t<div class=\"elementor-element elementor-element-2e11b99b elementor-widget elementor-widget-heading\" data-id=\"2e11b99b\" data-element_type=\"widget\" data-widget_type=\"heading.default\">\n\t\t\t\t<div class=\"elementor-widget-container\">\n\t\t\t<style>\/*! elementor - v3.6.7 - 03-07-2022 *\/\n.elementor-heading-title{padding:0;margin:0;line-height:1}.elementor-widget-heading .elementor-heading-title[class*=elementor-size-]>a{color:inherit;font-size:inherit;line-height:inherit}.elementor-widget-heading .elementor-heading-title.elementor-size-small{font-size:15px}.elementor-widget-heading .elementor-heading-title.elementor-size-medium{font-size:19px}.elementor-widget-heading .elementor-heading-title.elementor-size-large{font-size:29px}.elementor-widget-heading .elementor-heading-title.elementor-size-xl{font-size:39px}.elementor-widget-heading .elementor-heading-title.elementor-size-xxl{font-size:59px}<\/style><h1 class=\"elementor-heading-title elementor-size-default\">Coaching<\/h1>\t\t<\/div>\n\t\t\t\t<\/div>\n\t\t\t\t\t<\/div>\n\t\t<\/div>\n\t\t\t\t\t\t\t<\/div>\n\t\t<\/section>\n\t\t\t\t<section class=\"elementor-section elementor-top-section elementor-element elementor-element-bb47697 elementor-section-boxed elementor-section-height-default elementor-section-height-default\" data-id=\"bb47697\" data-element_type=\"section\">\n\t\t\t\t\t\t<div class=\"elementor-container elementor-column-gap-default\">\n\t\t\t\t\t<div class=\"elementor-column elementor-col-100 elementor-top-column elementor-element elementor-element-5bdcf563\" data-id=\"5bdcf563\" data-element_type=\"column\">\n\t\t\t<div class=\"elementor-widget-wrap elementor-element-populated\">\n\t\t\t\t\t\t\t\t<div class=\"elementor-element elementor-element-30190777 elementor-invisible elementor-widget elementor-widget-text-editor\" data-id=\"30190777\" data-element_type=\"widget\" data-settings=\"{&quot;_animation&quot;:&quot;fadeInUp&quot;,&quot;_animation_delay&quot;:500}\" data-widget_type=\"text-editor.default\">\n\t\t\t\t<div class=\"elementor-widget-container\">\n\t\t\t<style>\/*! elementor - v3.6.7 - 03-07-2022 *\/\n.elementor-widget-text-editor.elementor-drop-cap-view-stacked .elementor-drop-cap{background-color:#818a91;color:#fff}.elementor-widget-text-editor.elementor-drop-cap-view-framed .elementor-drop-cap{color:#818a91;border:3px solid;background-color:transparent}.elementor-widget-text-editor:not(.elementor-drop-cap-view-default) .elementor-drop-cap{margin-top:8px}.elementor-widget-text-editor:not(.elementor-drop-cap-view-default) .elementor-drop-cap-letter{width:1em;height:1em}.elementor-widget-text-editor .elementor-drop-cap{float:left;text-align:center;line-height:1;font-size:50px}.elementor-widget-text-editor .elementor-drop-cap-letter{display:inline-block}<\/style>\t\t\t\t<div class=\"et_pb_module et_pb_text et_pb_text_0 et_pb_text_align_left et_pb_bg_layout_light\">\n<div class=\"et_pb_text_inner\">\n\n<strong>L\u2019Accompagnement individuel<\/strong> est une m\u00e9thode tr\u00e8s approfondie et personnelle qui permet de se faire une id\u00e9e des probl\u00e8mes et des situations afin d'apporter des solutions r\u00e9alistes et r\u00e9alisables dans la mesure des possibilit\u00e9s du participant concern\u00e9.  Les aspects mat\u00e9riels sont pris en compte, mais aussi les ant\u00e9c\u00e9dents personnels et\/ou les circonstances priv\u00e9es.  Il peut s'agir d'aspects mentaux, d'aspects philosophiques ainsi que de circonstances personnelles modifi\u00e9es. Par exemple, le coaching individuel peut \u00eatre tr\u00e8s utile lorsque des collaborateurs - pour lesquels l'organisation a d\u00e9j\u00e0 fait beaucoup - fonctionnent moins bien en raison d'une situation de stress ou d'un burn-out, parce qu'ils se trouvent dans une certaine phase de leur vie ou qu'ils sont aux prises avec des circonstances personnelles particuli\u00e8res.<br><br>\n\n<strong>Veerle Devriendt Consulting<\/strong>\u00a0aide \u00e0 acqu\u00e9rir les bonnes comp\u00e9tences et \u00e0 am\u00e9liorer l'efficacit\u00e9 par un encadrement intensif et des encouragements, par l'\u00e9valuation des talents et des limites sp\u00e9cifiques de chacun et par des conseils.<br><br>\n\nPour les\u00a0<strong>organisations<\/strong>, je donne des <strong>sessions<\/strong>\u00a0pour les managers et leurs collaborateurs concernant leur fonctionnement dans une situation de travail.  En fonction des objectifs fix\u00e9s - tant par l'entreprise que par le collaborateur- et des questions qui en d\u00e9coulent, le coaching peut se concentrer sur le comportement, une meilleure connaissance de soi et de nouvelles perspectives personnelles, et constituer la base d'une \u00e9volution personnelle ult\u00e9rieure.<br><br>\n\n<strong>Veerle Devriendt Consulting<\/strong>\u00a0organise \u00e9galement des\u00a0<strong>Intervisions<\/strong>\u00a0for social workers within the organisations. Thanks to intervisions an insight in personal functioning and thinking is acquired. During our sessions, introspection is encouraged together with others having the same or similar concerns. A lesson is learnt -whilst being attentive to each other\u2019s experiences \u2013 how to proceed in order to find solutions, to receive support from colleagues, to promote expertise and to gain insight in our own possibilities.\n<br><br>\n\nLes groupes sont constitu\u00e9s de personnes d'une organisation particuli\u00e8re ou de collaborateurs de diff\u00e9rentes organisations ayant la m\u00eame fonction.<br><br>\n\n\nPour les\u00a0<strong>particuliers<\/strong>,  je propose un accompagnement individuel en mati\u00e8re de\u00a0<strong>stress, burn out<\/strong>,\u00a0<strong>le deuil et autres situations difficiles<\/strong>\u00a0(relations, sant\u00e9, \u00e9quilibre entre vie professionnelle et vie priv\u00e9e, exp\u00e9riences de perte, etc.)  Mon approche vise \u00e0 stimuler la d\u00e9couverte de soi et l'exp\u00e9rimentation active.  En d'autres termes, ce qui est discut\u00e9 et appris pendant les sessions peut \u00eatre appliqu\u00e9 imm\u00e9diatement dans la sph\u00e8re priv\u00e9e ou professionnelle.<br><br>\n\n\nPour obtenir de l'aide en mati\u00e8re d\u2019\u00a0<strong>Organisation professionnelle<\/strong> you can certainly come to me. Do you feel that your life is a total mess and chaos, do you maybe feel blocked and unproductive? <b>Veerle Devriendt Consulting<\/b> peut am\u00e9liorer votre qualit\u00e9 de vie et votre bien-\u00eatre en apprenant \u00e0 structurer, ranger et organiser vos affaires, votre temps et votre espace.<br><br>\n\n\nJe consid\u00e8re qu'il est tr\u00e8s important d'\u00e9laborer une solution sur mesure pour le client.  Pour de plus amples informations et explications sur une mission particuli\u00e8re, allez \u00e0\u00a0<a class=\"thisisalink\" href=\"https:\/\/veerledevriendtconsulting.be\/fr\/#Contact#Contact\">\u00e0 me contacter<\/a>.\n\n<\/div>\n<\/div>\t\t\t\t\t\t<\/div>\n\t\t\t\t<\/div>\n\t\t\t\t<div class=\"elementor-element elementor-element-35753cb elementor-widget elementor-widget-image\" data-id=\"35753cb\" data-element_type=\"widget\" data-widget_type=\"image.default\">\n\t\t\t\t<div class=\"elementor-widget-container\">\n\t\t\t<style>\/*! elementor - v3.6.7 - 03-07-2022 *\/\n.elementor-widget-image{text-align:center}.elementor-widget-image a{display:inline-block}.elementor-widget-image a img[src$=\".svg\"]{width:48px}.elementor-widget-image img{vertical-align:middle;display:inline-block}<\/style>\t\t\t\t\t\t\t\t\t\t\t\t<img loading=\"lazy\" decoding=\"async\" width=\"720\" height=\"540\" src=\"https:\/\/veerledevriendtconsulting.be\/wp-content\/uploads\/2022\/07\/Diapositive1-1.jpeg\" class=\"attachment-large size-large\" alt=\"\" srcset=\"https:\/\/veerledevriendtconsulting.be\/wp-content\/uploads\/2022\/07\/Diapositive1-1.jpeg 720w, https:\/\/veerledevriendtconsulting.be\/wp-content\/uploads\/2022\/07\/Diapositive1-1-300x225.jpeg 300w\" sizes=\"auto, (max-width: 720px) 100vw, 720px\" \/>\t\t\t\t\t\t\t\t\t\t\t\t\t\t\t<\/div>\n\t\t\t\t<\/div>\n\t\t\t\t\t<\/div>\n\t\t<\/div>\n\t\t\t\t\t\t\t<\/div>\n\t\t<\/section>\n\t\t\t\t\t\t\t<\/div>","protected":false},"excerpt":{"rendered":"<p>Coaching Individual coaching is a very through and personal method to acquire an insight into problems and situations in order to offer realistic and workable solutions within the possibilities of the concerned participant. Not only material aspects are taken into account but also personal background and\/or private circumstances. These could be mental aspects, philosophical aspects [&hellip;]<\/p>","protected":false},"author":1,"featured_media":0,"parent":0,"menu_order":0,"comment_status":"closed","ping_status":"closed","template":"elementor_header_footer","meta":{"_et_pb_use_builder":"","_et_pb_old_content":"","_et_gb_content_width":"","footnotes":""},"class_list":["post-169","page","type-page","status-publish","hentry"],"_links":{"self":[{"href":"https:\/\/veerledevriendtconsulting.be\/fr\/wp-json\/wp\/v2\/pages\/169","targetHints":{"allow":["GET"]}}],"collection":[{"href":"https:\/\/veerledevriendtconsulting.be\/fr\/wp-json\/wp\/v2\/pages"}],"about":[{"href":"https:\/\/veerledevriendtconsulting.be\/fr\/wp-json\/wp\/v2\/types\/page"}],"author":[{"embeddable":true,"href":"https:\/\/veerledevriendtconsulting.be\/fr\/wp-json\/wp\/v2\/users\/1"}],"replies":[{"embeddable":true,"href":"https:\/\/veerledevriendtconsulting.be\/fr\/wp-json\/wp\/v2\/comments?post=169"}],"version-history":[{"count":19,"href":"https:\/\/veerledevriendtconsulting.be\/fr\/wp-json\/wp\/v2\/pages\/169\/revisions"}],"predecessor-version":[{"id":508,"href":"https:\/\/veerledevriendtconsulting.be\/fr\/wp-json\/wp\/v2\/pages\/169\/revisions\/508"}],"wp:attachment":[{"href":"https:\/\/veerledevriendtconsulting.be\/fr\/wp-json\/wp\/v2\/media?parent=169"}],"curies":[{"name":"wp","href":"https:\/\/api.w.org\/{rel}","templated":true}]}}