{"id":164,"date":"2022-07-06T20:34:36","date_gmt":"2022-07-06T19:04:36","guid":{"rendered":"https:\/\/veerledevriendtconsulting.be\/?page_id=164"},"modified":"2022-10-02T12:35:55","modified_gmt":"2022-10-02T11:05:55","slug":"trauma-management","status":"publish","type":"page","link":"https:\/\/veerledevriendtconsulting.be\/fr\/trauma-management\/","title":{"rendered":"Traitement des traumatismes"},"content":{"rendered":"<div data-elementor-type=\"wp-page\" data-elementor-id=\"164\" class=\"elementor elementor-164\">\n\t\t\t\t\t\t\t\t\t<section class=\"elementor-section elementor-top-section elementor-element elementor-element-4b5790e1 elementor-section-full_width elementor-section-height-default elementor-section-height-default\" data-id=\"4b5790e1\" data-element_type=\"section\" data-settings=\"{&quot;background_background&quot;:&quot;classic&quot;}\">\n\t\t\t\t\t\t\t<div class=\"elementor-background-overlay\"><\/div>\n\t\t\t\t\t\t\t<div class=\"elementor-container elementor-column-gap-default\">\n\t\t\t\t\t<div class=\"elementor-column elementor-col-100 elementor-top-column elementor-element elementor-element-2bfaeb11\" data-id=\"2bfaeb11\" data-element_type=\"column\">\n\t\t\t<div class=\"elementor-widget-wrap elementor-element-populated\">\n\t\t\t\t\t\t\t\t<div class=\"elementor-element elementor-element-2e11b99b elementor-widget elementor-widget-heading\" data-id=\"2e11b99b\" data-element_type=\"widget\" data-widget_type=\"heading.default\">\n\t\t\t\t<div class=\"elementor-widget-container\">\n\t\t\t<style>\/*! elementor - v3.6.7 - 03-07-2022 *\/\n.elementor-heading-title{padding:0;margin:0;line-height:1}.elementor-widget-heading .elementor-heading-title[class*=elementor-size-]>a{color:inherit;font-size:inherit;line-height:inherit}.elementor-widget-heading .elementor-heading-title.elementor-size-small{font-size:15px}.elementor-widget-heading .elementor-heading-title.elementor-size-medium{font-size:19px}.elementor-widget-heading .elementor-heading-title.elementor-size-large{font-size:29px}.elementor-widget-heading .elementor-heading-title.elementor-size-xl{font-size:39px}.elementor-widget-heading .elementor-heading-title.elementor-size-xxl{font-size:59px}<\/style><h1 class=\"elementor-heading-title elementor-size-default\">Traitement des traumatismes<\/h1>\t\t<\/div>\n\t\t\t\t<\/div>\n\t\t\t\t\t<\/div>\n\t\t<\/div>\n\t\t\t\t\t\t\t<\/div>\n\t\t<\/section>\n\t\t\t\t<section class=\"elementor-section elementor-top-section elementor-element elementor-element-bb47697 elementor-section-boxed elementor-section-height-default elementor-section-height-default\" data-id=\"bb47697\" data-element_type=\"section\">\n\t\t\t\t\t\t<div class=\"elementor-container elementor-column-gap-default\">\n\t\t\t\t\t<div class=\"elementor-column elementor-col-100 elementor-top-column elementor-element elementor-element-5bdcf563\" data-id=\"5bdcf563\" data-element_type=\"column\">\n\t\t\t<div class=\"elementor-widget-wrap elementor-element-populated\">\n\t\t\t\t\t\t\t\t<div class=\"elementor-element elementor-element-30190777 elementor-invisible elementor-widget elementor-widget-text-editor\" data-id=\"30190777\" data-element_type=\"widget\" data-settings=\"{&quot;_animation&quot;:&quot;fadeInUp&quot;,&quot;_animation_delay&quot;:500}\" data-widget_type=\"text-editor.default\">\n\t\t\t\t<div class=\"elementor-widget-container\">\n\t\t\t<style>\/*! elementor - v3.6.7 - 03-07-2022 *\/\n.elementor-widget-text-editor.elementor-drop-cap-view-stacked .elementor-drop-cap{background-color:#818a91;color:#fff}.elementor-widget-text-editor.elementor-drop-cap-view-framed .elementor-drop-cap{color:#818a91;border:3px solid;background-color:transparent}.elementor-widget-text-editor:not(.elementor-drop-cap-view-default) .elementor-drop-cap{margin-top:8px}.elementor-widget-text-editor:not(.elementor-drop-cap-view-default) .elementor-drop-cap-letter{width:1em;height:1em}.elementor-widget-text-editor .elementor-drop-cap{float:left;text-align:center;line-height:1;font-size:50px}.elementor-widget-text-editor .elementor-drop-cap-letter{display:inline-block}<\/style>\t\t\t\tDes incidents tels que\u00a0<b>agression et\/ou menaces, incendie, attaque (arm\u00e9e), violence, accidents, cambriolage, suicide ou mort subite d'un coll\u00e8gue...<\/b> sont des exp\u00e9riences traumatisantes qui, si elles ne sont pas trait\u00e9es correctement, peuvent entra\u00eener un\u00a0<b>Trouble de stress post-traumatique<\/b> (PTSD). Ce trouble du stress peut entra\u00eener des troubles chez le collaborateur et, dans le pire des cas, une absence prolong\u00e9e du travail.  Environ 10 % des victimes luttent longtemps pour surmonter un traumatisme. Si l'exp\u00e9rience traumatique peut \u00eatre trait\u00e9e \u00e0 temps, le trouble du stress ne se produira pas dans la plupart des cas.<br><br>\n\n<b>\u00catre aid\u00e9 par un professionnel<\/b>\u00a0peut \u00eatre crucial \u00e0 cet \u00e9gard.<span style=\"font-family: Arial, sans-serif; font-size: 12pt; letter-spacing: 0.4pt;\">Assistance psychologique, d\u00e9briefing et conseil apr\u00e8s un \u00e9v\u00e9nement choquant ou une exp\u00e9rience traumatisante par le biais d'entretiens individuels.<\/span>\n<p class=\"MsoNormal\" style=\"line-height: normal; margin: 0cm 0cm 0cm 18.0pt;\"><\/p>\t\t\t\t\t\t<\/div>\n\t\t\t\t<\/div>\n\t\t\t\t<div class=\"elementor-element elementor-element-6b92e07b elementor-invisible elementor-widget elementor-widget-heading\" data-id=\"6b92e07b\" data-element_type=\"widget\" data-settings=\"{&quot;_animation&quot;:&quot;fadeInUp&quot;,&quot;_animation_delay&quot;:500}\" data-widget_type=\"heading.default\">\n\t\t\t\t<div class=\"elementor-widget-container\">\n\t\t\t<h2 class=\"elementor-heading-title elementor-size-default\">Notre offre sur le traitement des traumatismes est la suivante :<\/h2>\t\t<\/div>\n\t\t\t\t<\/div>\n\t\t\t\t<div class=\"elementor-element elementor-element-948de9d elementor-invisible elementor-widget elementor-widget-heading\" data-id=\"948de9d\" data-element_type=\"widget\" data-settings=\"{&quot;_animation&quot;:&quot;fadeInUp&quot;,&quot;_animation_delay&quot;:500}\" data-widget_type=\"heading.default\">\n\t\t\t\t<div class=\"elementor-widget-container\">\n\t\t\t<h2 class=\"elementor-heading-title elementor-size-default\">Pour les organisations :<\/h2>\t\t<\/div>\n\t\t\t\t<\/div>\n\t\t\t\t<section class=\"elementor-section elementor-inner-section elementor-element elementor-element-69dd3ec7 elementor-section-boxed elementor-section-height-default elementor-section-height-default\" data-id=\"69dd3ec7\" data-element_type=\"section\">\n\t\t\t\t\t\t<div class=\"elementor-container elementor-column-gap-default\">\n\t\t\t\t\t<div class=\"elementor-column elementor-col-100 elementor-inner-column elementor-element elementor-element-6c13fed0 elementor-invisible\" data-id=\"6c13fed0\" data-element_type=\"column\" data-settings=\"{&quot;animation&quot;:&quot;fadeInLeft&quot;,&quot;animation_delay&quot;:600}\">\n\t\t\t<div class=\"elementor-widget-wrap elementor-element-populated\">\n\t\t\t\t\t\t\t\t<div class=\"elementor-element elementor-element-42d45a3a elementor-icon-list--layout-traditional elementor-list-item-link-full_width elementor-widget elementor-widget-icon-list\" data-id=\"42d45a3a\" data-element_type=\"widget\" data-widget_type=\"icon-list.default\">\n\t\t\t\t<div class=\"elementor-widget-container\">\n\t\t\t<link rel=\"stylesheet\" href=\"https:\/\/veerledevriendtconsulting.be\/wp-content\/plugins\/elementor\/assets\/css\/widget-icon-list.min.css\">\t\t<ul class=\"elementor-icon-list-items\">\n\t\t\t\t\t\t\t<li class=\"elementor-icon-list-item\">\n\t\t\t\t\t\t\t\t\t\t\t<span class=\"elementor-icon-list-icon\">\n\t\t\t\t\t\t\t<i aria-hidden=\"true\" class=\"icon icon-right-mark\"><\/i>\t\t\t\t\t\t<\/span>\n\t\t\t\t\t\t\t\t\t\t<span class=\"elementor-icon-list-text\">Assistance psychologique, d\u00e9briefing et coaching des collaborateurs apr\u00e8s un \u00e9v\u00e9nement ou une exp\u00e9rience choquante ou traumatisante par le biais de discussions individuelles et\/ou de groupe.<\/span>\n\t\t\t\t\t\t\t\t\t<\/li>\n\t\t\t\t\t\t\t\t<li class=\"elementor-icon-list-item\">\n\t\t\t\t\t\t\t\t\t\t\t<span class=\"elementor-icon-list-icon\">\n\t\t\t\t\t\t\t<i aria-hidden=\"true\" class=\"icon icon-chevron-right-circle\"><\/i>\t\t\t\t\t\t<\/span>\n\t\t\t\t\t\t\t\t\t\t<span class=\"elementor-icon-list-text\">Entretiens de suivi et prise en charge des travailleurs concern\u00e9s, individuellement ou en groupe.<\/span>\n\t\t\t\t\t\t\t\t\t<\/li>\n\t\t\t\t\t\t\t\t<li class=\"elementor-icon-list-item\">\n\t\t\t\t\t\t\t\t\t\t\t<span class=\"elementor-icon-list-icon\">\n\t\t\t\t\t\t\t<i aria-hidden=\"true\" class=\"icon icon-chevron-right-circle\"><\/i>\t\t\t\t\t\t<\/span>\n\t\t\t\t\t\t\t\t\t\t<span class=\"elementor-icon-list-text\">Formation du personnel sur la meilleure fa\u00e7on de s'aider et d'aider ses coll\u00e8gues lorsqu'ils vivent un traumatisme.<\/span>\n\t\t\t\t\t\t\t\t\t<\/li>\n\t\t\t\t\t\t\t\t<li class=\"elementor-icon-list-item\">\n\t\t\t\t\t\t\t\t\t\t\t<span class=\"elementor-icon-list-icon\">\n\t\t\t\t\t\t\t<i aria-hidden=\"true\" class=\"icon icon-chevron-right-circle\"><\/i>\t\t\t\t\t\t<\/span>\n\t\t\t\t\t\t\t\t\t\t<span class=\"elementor-icon-list-text\">G\u00e9rer le stress<\/span>\n\t\t\t\t\t\t\t\t\t<\/li>\n\t\t\t\t\t\t<\/ul>\n\t\t\t\t<\/div>\n\t\t\t\t<\/div>\n\t\t\t\t\t<\/div>\n\t\t<\/div>\n\t\t\t\t\t\t\t<\/div>\n\t\t<\/section>\n\t\t\t\t<div class=\"elementor-element elementor-element-44e15d0 elementor-invisible elementor-widget elementor-widget-heading\" data-id=\"44e15d0\" data-element_type=\"widget\" data-settings=\"{&quot;_animation&quot;:&quot;fadeInUp&quot;,&quot;_animation_delay&quot;:500}\" data-widget_type=\"heading.default\">\n\t\t\t\t<div class=\"elementor-widget-container\">\n\t\t\t<h2 class=\"elementor-heading-title elementor-size-default\">Pour les particuliers :<\/h2>\t\t<\/div>\n\t\t\t\t<\/div>\n\t\t\t\t<section class=\"elementor-section elementor-inner-section elementor-element elementor-element-840ca9e elementor-section-boxed elementor-section-height-default elementor-section-height-default\" data-id=\"840ca9e\" data-element_type=\"section\">\n\t\t\t\t\t\t<div class=\"elementor-container elementor-column-gap-default\">\n\t\t\t\t\t<div class=\"elementor-column elementor-col-100 elementor-inner-column elementor-element elementor-element-1e752d5 elementor-invisible\" data-id=\"1e752d5\" data-element_type=\"column\" data-settings=\"{&quot;animation&quot;:&quot;fadeInLeft&quot;,&quot;animation_delay&quot;:600}\">\n\t\t\t<div class=\"elementor-widget-wrap elementor-element-populated\">\n\t\t\t\t\t\t\t\t<div class=\"elementor-element elementor-element-70358dd elementor-icon-list--layout-traditional elementor-list-item-link-full_width elementor-widget elementor-widget-icon-list\" data-id=\"70358dd\" data-element_type=\"widget\" data-widget_type=\"icon-list.default\">\n\t\t\t\t<div class=\"elementor-widget-container\">\n\t\t\t\t\t<ul class=\"elementor-icon-list-items\">\n\t\t\t\t\t\t\t<li class=\"elementor-icon-list-item\">\n\t\t\t\t\t\t\t\t\t\t\t<span class=\"elementor-icon-list-icon\">\n\t\t\t\t\t\t\t<i aria-hidden=\"true\" class=\"icon icon-right-mark\"><\/i>\t\t\t\t\t\t<\/span>\n\t\t\t\t\t\t\t\t\t\t<span class=\"elementor-icon-list-text\">Assistance psychologique, d\u00e9briefing et conseil apr\u00e8s un \u00e9v\u00e9nement choquant ou une exp\u00e9rience traumatisante par le biais d'entretiens individuels.<\/span>\n\t\t\t\t\t\t\t\t\t<\/li>\n\t\t\t\t\t\t\t\t<li class=\"elementor-icon-list-item\">\n\t\t\t\t\t\t\t\t\t\t\t<span class=\"elementor-icon-list-icon\">\n\t\t\t\t\t\t\t<i aria-hidden=\"true\" class=\"icon icon-chevron-right-circle\"><\/i>\t\t\t\t\t\t<\/span>\n\t\t\t\t\t\t\t\t\t\t<span class=\"elementor-icon-list-text\">Suivi des entretiens et prise en charge des personnes concern\u00e9es.<\/span>\n\t\t\t\t\t\t\t\t\t<\/li>\n\t\t\t\t\t\t<\/ul>\n\t\t\t\t<\/div>\n\t\t\t\t<\/div>\n\t\t\t\t\t<\/div>\n\t\t<\/div>\n\t\t\t\t\t\t\t<\/div>\n\t\t<\/section>\n\t\t\t\t<div class=\"elementor-element elementor-element-b047e50 elementor-invisible elementor-widget elementor-widget-text-editor\" data-id=\"b047e50\" data-element_type=\"widget\" data-settings=\"{&quot;_animation&quot;:&quot;fadeInUp&quot;,&quot;_animation_delay&quot;:500}\" data-widget_type=\"text-editor.default\">\n\t\t\t\t<div class=\"elementor-widget-container\">\n\t\t\t\t\t\t\tL'assistance et la gestion sont bas\u00e9es sur des\u00a0<strong>m\u00e9thodes scientifiques<\/strong>. Les programmes de formation sont adapt\u00e9s \u00e0 l'organisation apr\u00e8s entretiens pr\u00e9liminaires.<br><br>\n\n<strong>Veerle Devriendt Consulting<\/strong>\u00a0est disponible 24 heures sur 24 et 7 jours sur 7 au num\u00e9ro de t\u00e9l\u00e9phone mobile 0498\/52 53 21.  Apr\u00e8s l'appel, un rendez-vous est pris en concertation avec l'organisation\/la personne concern\u00e9e pour un premier contact qui a lieu dans les locaux de l'organisation,  au domicile de la personne, ou au cabinet priv\u00e9 au centre de Bruxelles.<br><br>\n\nGr\u00e2ce \u00e0 des ann\u00e9es d'exp\u00e9rience chez KBC Verzekeringen\/ CBC Assurances et dans un grand nombre d'organisations et d'entreprises, j'ai pu me sp\u00e9cialiser de mani\u00e8re approfondie dans ce domaine.\t\t\t\t\t\t<\/div>\n\t\t\t\t<\/div>\n\t\t\t\t\t<\/div>\n\t\t<\/div>\n\t\t\t\t\t\t\t<\/div>\n\t\t<\/section>\n\t\t\t\t\t\t\t<\/div>","protected":false},"excerpt":{"rendered":"<p>Trauma management Incidents like\u00a0aggression and\/or threats, fire, (armed) attack, violence, accidents, burglary, suicide or sudden death of a colleague\u2026 are traumatic experiences which when not well treated can lead to\u00a0Post Traumatic Stress Disorder (PTSD).\u00a0 This stress disorder can lead to the impairment of the collaborator and at worst to a long sick leave from work.\u00a0 [&hellip;]<\/p>","protected":false},"author":1,"featured_media":0,"parent":0,"menu_order":0,"comment_status":"closed","ping_status":"closed","template":"elementor_header_footer","meta":{"_et_pb_use_builder":"","_et_pb_old_content":"","_et_gb_content_width":"","footnotes":""},"class_list":["post-164","page","type-page","status-publish","hentry"],"_links":{"self":[{"href":"https:\/\/veerledevriendtconsulting.be\/fr\/wp-json\/wp\/v2\/pages\/164","targetHints":{"allow":["GET"]}}],"collection":[{"href":"https:\/\/veerledevriendtconsulting.be\/fr\/wp-json\/wp\/v2\/pages"}],"about":[{"href":"https:\/\/veerledevriendtconsulting.be\/fr\/wp-json\/wp\/v2\/types\/page"}],"author":[{"embeddable":true,"href":"https:\/\/veerledevriendtconsulting.be\/fr\/wp-json\/wp\/v2\/users\/1"}],"replies":[{"embeddable":true,"href":"https:\/\/veerledevriendtconsulting.be\/fr\/wp-json\/wp\/v2\/comments?post=164"}],"version-history":[{"count":28,"href":"https:\/\/veerledevriendtconsulting.be\/fr\/wp-json\/wp\/v2\/pages\/164\/revisions"}],"predecessor-version":[{"id":504,"href":"https:\/\/veerledevriendtconsulting.be\/fr\/wp-json\/wp\/v2\/pages\/164\/revisions\/504"}],"wp:attachment":[{"href":"https:\/\/veerledevriendtconsulting.be\/fr\/wp-json\/wp\/v2\/media?parent=164"}],"curies":[{"name":"wp","href":"https:\/\/api.w.org\/{rel}","templated":true}]}}